{"id":418,"date":"2022-11-21T10:45:54","date_gmt":"2022-11-21T10:45:54","guid":{"rendered":"https:\/\/bitlearn.network\/kontakt\/"},"modified":"2025-05-12T13:07:52","modified_gmt":"2025-05-12T13:07:52","slug":"kontakt","status":"publish","type":"page","link":"https:\/\/bitlearn.network\/de\/kontakt\/","title":{"rendered":"Kontakt"},"content":{"rendered":"<p>[new_reg_form bgcolor=&#8220;#f43333&#8243; text-color=&#8220;#fff&#8220; id=&#8220;regform&#8220;]<\/p>\n","protected":false},"excerpt":{"rendered":"","protected":false},"author":1,"featured_media":0,"parent":0,"menu_order":0,"comment_status":"closed","ping_status":"closed","template":"","meta":{"footnotes":""},"class_list":["post-418","page","type-page","status-publish","hentry"],"yoast_head":"<!-- This site is optimized with the Yoast SEO plugin v26.9 - https:\/\/yoast.com\/product\/yoast-seo-wordpress\/ -->\n<title>Kontakt - BitLearn Network<\/title>\n<meta name=\"description\" content=\"Nehmen Sie \u00fcber unsere Kontaktseite Verbindung mit uns bei BitLearn.Network auf. Wir stehen Ihnen zur Verf\u00fcgung, um Ihre Fragen zu beantworten, Unterst\u00fctzung zu leisten und Ihnen auf Ihrem Weg zur Beherrschung von Kryptow\u00e4hrungen und Blockchain-Technologie behilflich zu sein.\" \/>\n<meta name=\"robots\" content=\"index, follow, max-snippet:-1, max-image-preview:large, max-video-preview:-1\" \/>\n<link rel=\"canonical\" href=\"https:\/\/bitlearn.network\/de\/kontakt\/\" \/>\n<meta property=\"og:locale\" content=\"de_DE\" \/>\n<meta property=\"og:type\" content=\"article\" \/>\n<meta property=\"og:title\" content=\"Kontakt - BitLearn Network\" \/>\n<meta property=\"og:description\" content=\"Nehmen Sie \u00fcber unsere Kontaktseite Verbindung mit uns bei BitLearn.Network auf. Wir stehen Ihnen zur Verf\u00fcgung, um Ihre Fragen zu beantworten, Unterst\u00fctzung zu leisten und Ihnen auf Ihrem Weg zur Beherrschung von Kryptow\u00e4hrungen und Blockchain-Technologie behilflich zu sein.\" \/>\n<meta property=\"og:url\" content=\"https:\/\/bitlearn.network\/de\/kontakt\/\" \/>\n<meta property=\"og:site_name\" content=\"BitLearn Network\" \/>\n<meta property=\"article:modified_time\" content=\"2025-05-12T13:07:52+00:00\" \/>\n<meta name=\"twitter:card\" content=\"summary_large_image\" \/>\n<script type=\"application\/ld+json\" class=\"yoast-schema-graph\">{\"@context\":\"https:\/\/schema.org\",\"@graph\":[{\"@type\":\"WebPage\",\"@id\":\"https:\/\/bitlearn.network\/de\/kontakt\/\",\"url\":\"https:\/\/bitlearn.network\/de\/kontakt\/\",\"name\":\"Kontakt - BitLearn Network\",\"isPartOf\":{\"@id\":\"https:\/\/bitlearn.network\/de\/#website\"},\"datePublished\":\"2022-11-21T10:45:54+00:00\",\"dateModified\":\"2025-05-12T13:07:52+00:00\",\"description\":\"Nehmen Sie \u00fcber unsere Kontaktseite Verbindung mit uns bei BitLearn.Network auf. Wir stehen Ihnen zur Verf\u00fcgung, um Ihre Fragen zu beantworten, Unterst\u00fctzung zu leisten und Ihnen auf Ihrem Weg zur Beherrschung von Kryptow\u00e4hrungen und Blockchain-Technologie behilflich zu sein.\",\"breadcrumb\":{\"@id\":\"https:\/\/bitlearn.network\/de\/kontakt\/#breadcrumb\"},\"inLanguage\":\"de\",\"potentialAction\":[{\"@type\":\"ReadAction\",\"target\":[\"https:\/\/bitlearn.network\/de\/kontakt\/\"]}]},{\"@type\":\"BreadcrumbList\",\"@id\":\"https:\/\/bitlearn.network\/de\/kontakt\/#breadcrumb\",\"itemListElement\":[{\"@type\":\"ListItem\",\"position\":1,\"name\":\"Home\",\"item\":\"https:\/\/bitlearn.network\/de\/bitlearn-network\/\"},{\"@type\":\"ListItem\",\"position\":2,\"name\":\"Kontakt\"}]},{\"@type\":\"WebSite\",\"@id\":\"https:\/\/bitlearn.network\/de\/#website\",\"url\":\"https:\/\/bitlearn.network\/de\/\",\"name\":\"BitLearn Network\",\"description\":\"BitLearn Network provides comprehensive crypto education for everyone from beginner to expert. Learn about Bitcoin, Ethereum, altcoins, mining and more.\",\"publisher\":{\"@id\":\"https:\/\/bitlearn.network\/de\/#organization\"},\"potentialAction\":[{\"@type\":\"SearchAction\",\"target\":{\"@type\":\"EntryPoint\",\"urlTemplate\":\"https:\/\/bitlearn.network\/de\/?s={search_term_string}\"},\"query-input\":{\"@type\":\"PropertyValueSpecification\",\"valueRequired\":true,\"valueName\":\"search_term_string\"}}],\"inLanguage\":\"de\"},{\"@type\":\"Organization\",\"@id\":\"https:\/\/bitlearn.network\/de\/#organization\",\"name\":\"BitLearn Network\",\"url\":\"https:\/\/bitlearn.network\/de\/\",\"logo\":{\"@type\":\"ImageObject\",\"inLanguage\":\"de\",\"@id\":\"https:\/\/bitlearn.network\/de\/#\/schema\/logo\/image\/\",\"url\":\"https:\/\/bitlearn.network\/wp-content\/uploads\/2023\/02\/cropped-image.psd-9-1.png\",\"contentUrl\":\"https:\/\/bitlearn.network\/wp-content\/uploads\/2023\/02\/cropped-image.psd-9-1.png\",\"width\":529,\"height\":108,\"caption\":\"BitLearn Network\"},\"image\":{\"@id\":\"https:\/\/bitlearn.network\/de\/#\/schema\/logo\/image\/\"}}]}<\/script>\n<!-- \/ Yoast SEO plugin. -->","yoast_head_json":{"title":"Kontakt - BitLearn Network","description":"Nehmen Sie \u00fcber unsere Kontaktseite Verbindung mit uns bei BitLearn.Network auf. Wir stehen Ihnen zur Verf\u00fcgung, um Ihre Fragen zu beantworten, Unterst\u00fctzung zu leisten und Ihnen auf Ihrem Weg zur Beherrschung von Kryptow\u00e4hrungen und Blockchain-Technologie behilflich zu sein.","robots":{"index":"index","follow":"follow","max-snippet":"max-snippet:-1","max-image-preview":"max-image-preview:large","max-video-preview":"max-video-preview:-1"},"canonical":"https:\/\/bitlearn.network\/de\/kontakt\/","og_locale":"de_DE","og_type":"article","og_title":"Kontakt - BitLearn Network","og_description":"Nehmen Sie \u00fcber unsere Kontaktseite Verbindung mit uns bei BitLearn.Network auf. Wir stehen Ihnen zur Verf\u00fcgung, um Ihre Fragen zu beantworten, Unterst\u00fctzung zu leisten und Ihnen auf Ihrem Weg zur Beherrschung von Kryptow\u00e4hrungen und Blockchain-Technologie behilflich zu sein.","og_url":"https:\/\/bitlearn.network\/de\/kontakt\/","og_site_name":"BitLearn Network","article_modified_time":"2025-05-12T13:07:52+00:00","twitter_card":"summary_large_image","schema":{"@context":"https:\/\/schema.org","@graph":[{"@type":"WebPage","@id":"https:\/\/bitlearn.network\/de\/kontakt\/","url":"https:\/\/bitlearn.network\/de\/kontakt\/","name":"Kontakt - BitLearn Network","isPartOf":{"@id":"https:\/\/bitlearn.network\/de\/#website"},"datePublished":"2022-11-21T10:45:54+00:00","dateModified":"2025-05-12T13:07:52+00:00","description":"Nehmen Sie \u00fcber unsere Kontaktseite Verbindung mit uns bei BitLearn.Network auf. Wir stehen Ihnen zur Verf\u00fcgung, um Ihre Fragen zu beantworten, Unterst\u00fctzung zu leisten und Ihnen auf Ihrem Weg zur Beherrschung von Kryptow\u00e4hrungen und Blockchain-Technologie behilflich zu sein.","breadcrumb":{"@id":"https:\/\/bitlearn.network\/de\/kontakt\/#breadcrumb"},"inLanguage":"de","potentialAction":[{"@type":"ReadAction","target":["https:\/\/bitlearn.network\/de\/kontakt\/"]}]},{"@type":"BreadcrumbList","@id":"https:\/\/bitlearn.network\/de\/kontakt\/#breadcrumb","itemListElement":[{"@type":"ListItem","position":1,"name":"Home","item":"https:\/\/bitlearn.network\/de\/bitlearn-network\/"},{"@type":"ListItem","position":2,"name":"Kontakt"}]},{"@type":"WebSite","@id":"https:\/\/bitlearn.network\/de\/#website","url":"https:\/\/bitlearn.network\/de\/","name":"BitLearn Network","description":"BitLearn Network provides comprehensive crypto education for everyone from beginner to expert. Learn about Bitcoin, Ethereum, altcoins, mining and more.","publisher":{"@id":"https:\/\/bitlearn.network\/de\/#organization"},"potentialAction":[{"@type":"SearchAction","target":{"@type":"EntryPoint","urlTemplate":"https:\/\/bitlearn.network\/de\/?s={search_term_string}"},"query-input":{"@type":"PropertyValueSpecification","valueRequired":true,"valueName":"search_term_string"}}],"inLanguage":"de"},{"@type":"Organization","@id":"https:\/\/bitlearn.network\/de\/#organization","name":"BitLearn Network","url":"https:\/\/bitlearn.network\/de\/","logo":{"@type":"ImageObject","inLanguage":"de","@id":"https:\/\/bitlearn.network\/de\/#\/schema\/logo\/image\/","url":"https:\/\/bitlearn.network\/wp-content\/uploads\/2023\/02\/cropped-image.psd-9-1.png","contentUrl":"https:\/\/bitlearn.network\/wp-content\/uploads\/2023\/02\/cropped-image.psd-9-1.png","width":529,"height":108,"caption":"BitLearn Network"},"image":{"@id":"https:\/\/bitlearn.network\/de\/#\/schema\/logo\/image\/"}}]}},"_links":{"self":[{"href":"https:\/\/bitlearn.network\/de\/wp-json\/wp\/v2\/pages\/418","targetHints":{"allow":["GET"]}}],"collection":[{"href":"https:\/\/bitlearn.network\/de\/wp-json\/wp\/v2\/pages"}],"about":[{"href":"https:\/\/bitlearn.network\/de\/wp-json\/wp\/v2\/types\/page"}],"author":[{"embeddable":true,"href":"https:\/\/bitlearn.network\/de\/wp-json\/wp\/v2\/users\/1"}],"replies":[{"embeddable":true,"href":"https:\/\/bitlearn.network\/de\/wp-json\/wp\/v2\/comments?post=418"}],"version-history":[{"count":1,"href":"https:\/\/bitlearn.network\/de\/wp-json\/wp\/v2\/pages\/418\/revisions"}],"predecessor-version":[{"id":419,"href":"https:\/\/bitlearn.network\/de\/wp-json\/wp\/v2\/pages\/418\/revisions\/419"}],"wp:attachment":[{"href":"https:\/\/bitlearn.network\/de\/wp-json\/wp\/v2\/media?parent=418"}],"curies":[{"name":"wp","href":"https:\/\/api.w.org\/{rel}","templated":true}]}}